{"id":654,"date":"2023-11-23T23:32:35","date_gmt":"2023-11-23T22:32:35","guid":{"rendered":"https:\/\/www.champagne-vignon.com\/?page_id=654"},"modified":"2026-02-10T14:38:32","modified_gmt":"2026-02-10T13:38:32","slug":"contatti","status":"publish","type":"page","link":"https:\/\/www.champagne-vignon.com\/it\/contatti","title":{"rendered":"Contatti\u00a0con il Champagne Vignon P\u00e8re &amp; Fils Champagne"},"content":{"rendered":"\n<div class=\"wp-block-columns is-layout-flex wp-container-core-columns-is-layout-9d6595d7 wp-block-columns-is-layout-flex\">\n<div class=\"wp-block-column is-layout-flow wp-block-column-is-layout-flow\" style=\"flex-basis:33.33%\">\n<div class=\"wp-block-group me-md-4 p-3 rounded mb-4 mb-md-0 has-white-color has-text-color has-background has-link-color wp-elements-435566976367132a4620b164691d1356 has-global-padding is-layout-constrained wp-block-group-is-layout-constrained\" style=\"background-color:#b5920c\">\n<h3 class=\"wp-block-heading has-text-align-center\">CHAMPAGNE VIGNON<br>P\u00c8RE &amp; FILS &#8211; LES MARQUISES<\/h3>\n\n\n\n<p class=\"has-text-align-center\">10, rue Colet<br><strong>51360 Verzenay<\/strong><\/p>\n\n\n\n<p class=\"has-text-align-center\">Telefono :&nbsp;<a href=\"tel:09 61 49 05 71\">09 61 49 05 71<\/a><\/p>\n\n\n\n<p class=\"has-text-align-center\">Portatile :&nbsp;<a href=\"tel:06 83 05 43 90\">06 83 05 43 90<\/a><\/p>\n<\/div>\n<\/div>\n\n\n\n<div class=\"wp-block-column is-layout-flow wp-block-column-is-layout-flow\" style=\"flex-basis:66.66%\">\n<div class=\"wpcf7 no-js\" id=\"wpcf7-f569-o1\" lang=\"it-IT\" dir=\"ltr\" data-wpcf7-id=\"569\">\n<div class=\"screen-reader-response\"><p role=\"status\" aria-live=\"polite\" aria-atomic=\"true\"><\/p> <ul><\/ul><\/div>\n<form action=\"\/it\/wp-json\/wp\/v2\/pages\/654#wpcf7-f569-o1\" method=\"post\" class=\"wpcf7-form init\" aria-label=\"Modulo di contatto\" novalidate=\"novalidate\" data-status=\"init\">\n<fieldset class=\"hidden-fields-container\"><input type=\"hidden\" name=\"_wpcf7\" value=\"569\" \/><input type=\"hidden\" name=\"_wpcf7_version\" value=\"6.1.5\" \/><input type=\"hidden\" name=\"_wpcf7_locale\" value=\"it_IT\" \/><input type=\"hidden\" name=\"_wpcf7_unit_tag\" value=\"wpcf7-f569-o1\" \/><input type=\"hidden\" name=\"_wpcf7_container_post\" value=\"0\" \/><input type=\"hidden\" name=\"_wpcf7_posted_data_hash\" value=\"\" \/><input type=\"hidden\" name=\"_wpcf7_recaptcha_response\" value=\"\" \/>\n<\/fieldset>\n<div class=\"row\">\n\t<div class=\"col-md-4\">\n\t\t<div class=\"form-group\">\n\t\t\t<p><label for=\"inputName\">Nom <span class=\"text-danger\">*<\/span><\/label><br \/>\n<span class=\"wpcf7-form-control-wrap\" data-name=\"your-name\"><input size=\"40\" maxlength=\"400\" class=\"wpcf7-form-control wpcf7-text wpcf7-validates-as-required form-control\" id=\"inputName\" autocomplete=\"name\" aria-required=\"true\" aria-invalid=\"false\" value=\"\" type=\"text\" name=\"your-name\" \/><\/span>\n\t\t\t<\/p>\n\t\t<\/div>\n\t<\/div>\n\t<div class=\"col-md-4\">\n\t\t<div class=\"form-group\">\n\t\t\t<p><label for=\"inputPhone\">T\u00e9l\u00e9phone <span class=\"text-danger\">*<\/span><\/label><br \/>\n<span class=\"wpcf7-form-control-wrap\" data-name=\"your-phone\"><input size=\"40\" maxlength=\"400\" class=\"wpcf7-form-control wpcf7-text wpcf7-validates-as-required form-control\" id=\"inputPhone\" autocomplete=\"name\" aria-required=\"true\" aria-invalid=\"false\" value=\"\" type=\"text\" name=\"your-phone\" \/><\/span>\n\t\t\t<\/p>\n\t\t<\/div>\n\t<\/div>\n\t<div class=\"col-md-4\">\n\t\t<div class=\"form-group\">\n\t\t\t<p><label for=\"inputEmail\">Email <span class=\"text-danger\">*<\/span><\/label><br \/>\n<span class=\"wpcf7-form-control-wrap\" data-name=\"your-email\"><input size=\"40\" maxlength=\"400\" class=\"wpcf7-form-control wpcf7-email wpcf7-validates-as-required wpcf7-text wpcf7-validates-as-email form-control\" id=\"inputEmail\" autocomplete=\"email\" aria-required=\"true\" aria-invalid=\"false\" value=\"\" type=\"email\" name=\"your-email\" \/><\/span>\n\t\t\t<\/p>\n\t\t<\/div>\n\t<\/div>\n\t<div class=\"col-md-4\">\n\t\t<div class=\"form-group\">\n\t\t\t<p><label for=\"inputAddress\">Adresse <span class=\"text-danger\">*<\/span><\/label><br \/>\n<span class=\"wpcf7-form-control-wrap\" data-name=\"your-address\"><input size=\"40\" maxlength=\"400\" class=\"wpcf7-form-control wpcf7-text wpcf7-validates-as-required form-control\" id=\"inputAddress\" autocomplete=\"name\" aria-required=\"true\" aria-invalid=\"false\" value=\"\" type=\"text\" name=\"your-address\" \/><\/span>\n\t\t\t<\/p>\n\t\t<\/div>\n\t<\/div>\n\t<div class=\"col-md-4\">\n\t\t<div class=\"form-group\">\n\t\t\t<p><label for=\"inputCity\">Ville <span class=\"text-danger\">*<\/span><\/label><br \/>\n<span class=\"wpcf7-form-control-wrap\" data-name=\"your-city\"><input size=\"40\" maxlength=\"400\" class=\"wpcf7-form-control wpcf7-text wpcf7-validates-as-required form-control\" id=\"inputCity\" autocomplete=\"name\" aria-required=\"true\" aria-invalid=\"false\" value=\"\" type=\"text\" name=\"your-city\" \/><\/span>\n\t\t\t<\/p>\n\t\t<\/div>\n\t<\/div>\n\t<div class=\"col-md-4\">\n\t\t<div class=\"form-group\">\n\t\t\t<p><label for=\"inputZipCode\">Code postal <span class=\"text-danger\">*<\/span><\/label><br \/>\n<span class=\"wpcf7-form-control-wrap\" data-name=\"your-zipcode\"><input size=\"40\" maxlength=\"400\" class=\"wpcf7-form-control wpcf7-text wpcf7-validates-as-required form-control\" id=\"inputZipCode\" autocomplete=\"name\" aria-required=\"true\" aria-invalid=\"false\" value=\"\" type=\"text\" name=\"your-zipcode\" \/><\/span>\n\t\t\t<\/p>\n\t\t<\/div>\n\t<\/div>\n\t<div class=\"col-12\">\n\t\t<div class=\"form-group\">\n\t\t\t<p><label for=\"inputMessage\">Message <span class=\"text-danger\">*<\/span><\/label><br \/>\n<span class=\"wpcf7-form-control-wrap\" data-name=\"your-message\"><textarea cols=\"40\" rows=\"10\" maxlength=\"2000\" class=\"wpcf7-form-control wpcf7-textarea form-control\" id=\"inputMessage\" aria-invalid=\"false\" name=\"your-message\"><\/textarea><\/span>\n\t\t\t<\/p>\n\t\t<\/div>\n\t<\/div>\n\t<div class=\"form-check\">\n\t\t<p><span class=\"wpcf7-form-control-wrap\" data-name=\"acceptance-870\"><span class=\"wpcf7-form-control wpcf7-acceptance\"><span class=\"wpcf7-list-item\"><input type=\"checkbox\" name=\"acceptance-870\" value=\"1\" class=\"form-check-input\" id=\"inputLegalMentions\" aria-invalid=\"false\" \/><\/span><\/span><\/span><label class=\"form-check-label\" for=\"inputLegalMentions\">J\u2019ai lu et j\u2019accepte la politique de confidentialit\u00e9 du site <span class=\"text-danger\">*<\/span><\/label>\n\t\t<\/p>\n\t<\/div>\n\t<div class=\"text-center\">\n\t\t<p><input class=\"wpcf7-form-control wpcf7-submit has-spinner btn btn-primary\" type=\"submit\" value=\"Envoyer\" \/>\n\t\t<\/p>\n\t<\/div>\n<\/div><div class=\"wpcf7-response-output\" aria-hidden=\"true\"><\/div>\n<\/form>\n<\/div>\n\n<\/div>\n<\/div>\n","protected":false},"excerpt":{"rendered":"<p>CHAMPAGNE VIGNONP\u00c8RE &amp; FILS &#8211; LES MARQUISES 10, rue Colet51360 Verzenay Telefono :&nbsp;09 61 49 05 71 Portatile :&nbsp;06 83 05 43 90<\/p>\n","protected":false},"author":1,"featured_media":0,"parent":0,"menu_order":0,"comment_status":"closed","ping_status":"closed","template":"","meta":{"_acf_changed":false,"footnotes":""},"class_list":["post-654","page","type-page","status-publish","hentry"],"acf":[],"yoast_head":"<!-- This site is optimized with the Yoast SEO plugin v27.3 - https:\/\/yoast.com\/product\/yoast-seo-wordpress\/ -->\n<title>Contatti\u00a0con il Champagne Vignon P\u00e8re &amp; Fils Champagne - Champagne Vignon P\u00e8re &amp; Fils - Grand Cru Verzenay<\/title>\n<meta name=\"robots\" content=\"index, follow, max-snippet:-1, max-image-preview:large, max-video-preview:-1\" \/>\n<link rel=\"canonical\" href=\"https:\/\/www.champagne-vignon.com\/it\/contatti\" \/>\n<meta property=\"og:locale\" content=\"it_IT\" \/>\n<meta property=\"og:type\" content=\"article\" \/>\n<meta property=\"og:title\" content=\"Contatti\u00a0con il Champagne Vignon P\u00e8re &amp; Fils Champagne - Champagne Vignon P\u00e8re &amp; Fils - Grand Cru Verzenay\" \/>\n<meta property=\"og:description\" content=\"CHAMPAGNE VIGNONP\u00c8RE &amp; FILS &#8211; LES MARQUISES 10, rue Colet51360 Verzenay Telefono :&nbsp;09 61 49 05 71 Portatile :&nbsp;06 83 05 43 90\" \/>\n<meta property=\"og:url\" content=\"https:\/\/www.champagne-vignon.com\/it\/contatti\" \/>\n<meta property=\"og:site_name\" content=\"Champagne Vignon P\u00e8re &amp; Fils - Grand Cru Verzenay\" \/>\n<meta property=\"article:publisher\" content=\"https:\/\/www.facebook.com\/champagnevignonlesmarquises\/\" \/>\n<meta property=\"article:modified_time\" content=\"2026-02-10T13:38:32+00:00\" \/>\n<meta name=\"twitter:card\" content=\"summary_large_image\" \/>\n<script type=\"application\/ld+json\" class=\"yoast-schema-graph\">{\"@context\":\"https:\\\/\\\/schema.org\",\"@graph\":[{\"@type\":\"WebPage\",\"@id\":\"https:\\\/\\\/www.champagne-vignon.com\\\/it\\\/contatti\",\"url\":\"https:\\\/\\\/www.champagne-vignon.com\\\/it\\\/contatti\",\"name\":\"Contatti\u00a0con il Champagne Vignon P\u00e8re &amp; Fils Champagne - Champagne Vignon P\u00e8re &amp; Fils - Grand Cru Verzenay\",\"isPartOf\":{\"@id\":\"https:\\\/\\\/www.champagne-vignon.com\\\/it#website\"},\"datePublished\":\"2023-11-23T22:32:35+00:00\",\"dateModified\":\"2026-02-10T13:38:32+00:00\",\"breadcrumb\":{\"@id\":\"https:\\\/\\\/www.champagne-vignon.com\\\/it\\\/contatti#breadcrumb\"},\"inLanguage\":\"it-IT\",\"potentialAction\":[{\"@type\":\"ReadAction\",\"target\":[\"https:\\\/\\\/www.champagne-vignon.com\\\/it\\\/contatti\"]}]},{\"@type\":\"BreadcrumbList\",\"@id\":\"https:\\\/\\\/www.champagne-vignon.com\\\/it\\\/contatti#breadcrumb\",\"itemListElement\":[{\"@type\":\"ListItem\",\"position\":1,\"name\":\"Accueil\",\"item\":\"https:\\\/\\\/www.champagne-vignon.com\\\/it\"},{\"@type\":\"ListItem\",\"position\":2,\"name\":\"Contatti\u00a0con il Champagne Vignon P\u00e8re &amp; Fils Champagne\"}]},{\"@type\":\"WebSite\",\"@id\":\"https:\\\/\\\/www.champagne-vignon.com\\\/it#website\",\"url\":\"https:\\\/\\\/www.champagne-vignon.com\\\/it\",\"name\":\"Champagne Vignon P\u00e8re &amp; Fils - Grand Cru Verzenay\",\"description\":\"\",\"publisher\":{\"@id\":\"https:\\\/\\\/www.champagne-vignon.com\\\/it#organization\"},\"potentialAction\":[{\"@type\":\"SearchAction\",\"target\":{\"@type\":\"EntryPoint\",\"urlTemplate\":\"https:\\\/\\\/www.champagne-vignon.com\\\/it?s={search_term_string}\"},\"query-input\":{\"@type\":\"PropertyValueSpecification\",\"valueRequired\":true,\"valueName\":\"search_term_string\"}}],\"inLanguage\":\"it-IT\"},{\"@type\":\"Organization\",\"@id\":\"https:\\\/\\\/www.champagne-vignon.com\\\/it#organization\",\"name\":\"Champagne Vignon P\u00e8re & Fils\",\"url\":\"https:\\\/\\\/www.champagne-vignon.com\\\/it\",\"logo\":{\"@type\":\"ImageObject\",\"inLanguage\":\"it-IT\",\"@id\":\"https:\\\/\\\/www.champagne-vignon.com\\\/it#\\\/schema\\\/logo\\\/image\\\/\",\"url\":\"https:\\\/\\\/www.champagne-vignon.com\\\/wp-content\\\/uploads\\\/2023\\\/12\\\/logo-black.png\",\"contentUrl\":\"https:\\\/\\\/www.champagne-vignon.com\\\/wp-content\\\/uploads\\\/2023\\\/12\\\/logo-black.png\",\"width\":800,\"height\":553,\"caption\":\"Champagne Vignon P\u00e8re & Fils\"},\"image\":{\"@id\":\"https:\\\/\\\/www.champagne-vignon.com\\\/it#\\\/schema\\\/logo\\\/image\\\/\"},\"sameAs\":[\"https:\\\/\\\/www.facebook.com\\\/champagnevignonlesmarquises\\\/\",\"https:\\\/\\\/www.instagram.com\\\/champagne_vignon_pere_et_fils_\\\/\"]}]}<\/script>\n<!-- \/ Yoast SEO plugin. -->","yoast_head_json":{"title":"Contatti\u00a0con il Champagne Vignon P\u00e8re &amp; Fils Champagne - Champagne Vignon P\u00e8re &amp; Fils - Grand Cru Verzenay","robots":{"index":"index","follow":"follow","max-snippet":"max-snippet:-1","max-image-preview":"max-image-preview:large","max-video-preview":"max-video-preview:-1"},"canonical":"https:\/\/www.champagne-vignon.com\/it\/contatti","og_locale":"it_IT","og_type":"article","og_title":"Contatti\u00a0con il Champagne Vignon P\u00e8re &amp; Fils Champagne - Champagne Vignon P\u00e8re &amp; Fils - Grand Cru Verzenay","og_description":"CHAMPAGNE VIGNONP\u00c8RE &amp; FILS &#8211; LES MARQUISES 10, rue Colet51360 Verzenay Telefono :&nbsp;09 61 49 05 71 Portatile :&nbsp;06 83 05 43 90","og_url":"https:\/\/www.champagne-vignon.com\/it\/contatti","og_site_name":"Champagne Vignon P\u00e8re &amp; Fils - Grand Cru Verzenay","article_publisher":"https:\/\/www.facebook.com\/champagnevignonlesmarquises\/","article_modified_time":"2026-02-10T13:38:32+00:00","twitter_card":"summary_large_image","schema":{"@context":"https:\/\/schema.org","@graph":[{"@type":"WebPage","@id":"https:\/\/www.champagne-vignon.com\/it\/contatti","url":"https:\/\/www.champagne-vignon.com\/it\/contatti","name":"Contatti\u00a0con il Champagne Vignon P\u00e8re &amp; Fils Champagne - Champagne Vignon P\u00e8re &amp; Fils - Grand Cru Verzenay","isPartOf":{"@id":"https:\/\/www.champagne-vignon.com\/it#website"},"datePublished":"2023-11-23T22:32:35+00:00","dateModified":"2026-02-10T13:38:32+00:00","breadcrumb":{"@id":"https:\/\/www.champagne-vignon.com\/it\/contatti#breadcrumb"},"inLanguage":"it-IT","potentialAction":[{"@type":"ReadAction","target":["https:\/\/www.champagne-vignon.com\/it\/contatti"]}]},{"@type":"BreadcrumbList","@id":"https:\/\/www.champagne-vignon.com\/it\/contatti#breadcrumb","itemListElement":[{"@type":"ListItem","position":1,"name":"Accueil","item":"https:\/\/www.champagne-vignon.com\/it"},{"@type":"ListItem","position":2,"name":"Contatti\u00a0con il Champagne Vignon P\u00e8re &amp; Fils Champagne"}]},{"@type":"WebSite","@id":"https:\/\/www.champagne-vignon.com\/it#website","url":"https:\/\/www.champagne-vignon.com\/it","name":"Champagne Vignon P\u00e8re &amp; Fils - Grand Cru Verzenay","description":"","publisher":{"@id":"https:\/\/www.champagne-vignon.com\/it#organization"},"potentialAction":[{"@type":"SearchAction","target":{"@type":"EntryPoint","urlTemplate":"https:\/\/www.champagne-vignon.com\/it?s={search_term_string}"},"query-input":{"@type":"PropertyValueSpecification","valueRequired":true,"valueName":"search_term_string"}}],"inLanguage":"it-IT"},{"@type":"Organization","@id":"https:\/\/www.champagne-vignon.com\/it#organization","name":"Champagne Vignon P\u00e8re & Fils","url":"https:\/\/www.champagne-vignon.com\/it","logo":{"@type":"ImageObject","inLanguage":"it-IT","@id":"https:\/\/www.champagne-vignon.com\/it#\/schema\/logo\/image\/","url":"https:\/\/www.champagne-vignon.com\/wp-content\/uploads\/2023\/12\/logo-black.png","contentUrl":"https:\/\/www.champagne-vignon.com\/wp-content\/uploads\/2023\/12\/logo-black.png","width":800,"height":553,"caption":"Champagne Vignon P\u00e8re & Fils"},"image":{"@id":"https:\/\/www.champagne-vignon.com\/it#\/schema\/logo\/image\/"},"sameAs":["https:\/\/www.facebook.com\/champagnevignonlesmarquises\/","https:\/\/www.instagram.com\/champagne_vignon_pere_et_fils_\/"]}]}},"_links":{"self":[{"href":"https:\/\/www.champagne-vignon.com\/it\/wp-json\/wp\/v2\/pages\/654","targetHints":{"allow":["GET"]}}],"collection":[{"href":"https:\/\/www.champagne-vignon.com\/it\/wp-json\/wp\/v2\/pages"}],"about":[{"href":"https:\/\/www.champagne-vignon.com\/it\/wp-json\/wp\/v2\/types\/page"}],"author":[{"embeddable":true,"href":"https:\/\/www.champagne-vignon.com\/it\/wp-json\/wp\/v2\/users\/1"}],"replies":[{"embeddable":true,"href":"https:\/\/www.champagne-vignon.com\/it\/wp-json\/wp\/v2\/comments?post=654"}],"version-history":[{"count":2,"href":"https:\/\/www.champagne-vignon.com\/it\/wp-json\/wp\/v2\/pages\/654\/revisions"}],"predecessor-version":[{"id":5266,"href":"https:\/\/www.champagne-vignon.com\/it\/wp-json\/wp\/v2\/pages\/654\/revisions\/5266"}],"wp:attachment":[{"href":"https:\/\/www.champagne-vignon.com\/it\/wp-json\/wp\/v2\/media?parent=654"}],"curies":[{"name":"wp","href":"https:\/\/api.w.org\/{rel}","templated":true}]}}