{"id":650,"date":"2023-11-23T21:06:25","date_gmt":"2023-11-23T20:06:25","guid":{"rendered":"https:\/\/www.champagne-vignon.com\/?page_id=650"},"modified":"2023-12-05T19:30:25","modified_gmt":"2023-12-05T18:30:25","slug":"avviso-legale","status":"publish","type":"page","link":"https:\/\/www.champagne-vignon.com\/it\/avviso-legale","title":{"rendered":"Avviso\u00a0legale"},"content":{"rendered":"\n<p>Site name&nbsp;:&nbsp;<a href=\"http:\/\/www.champagne-vignon.com\">www.champagne-vignon.com<\/a><br><br>Publication director&nbsp;: St\u00e9phane VIGNON<\/p>\n\n\n\n<p>CHAMPAGNE VIGNON PERE ET FILS<br>10 Rue Colet<br>51360 Verzenay<br>Tel&nbsp;: 09 61 49 05 71<\/p>\n\n\n\n<p><strong>SIRET<\/strong>&nbsp;: 482 302 866 &nbsp;R.C.S.&nbsp;REIMS<br>Greffe du Tribunal de Commerce de Reims<\/p>\n\n\n\n<p><strong>Legal Form<\/strong>&nbsp;: Exploitation agricole \u00e0 responsabilit\u00e9 limit\u00e9e<\/p>\n\n\n\n<p><strong>Activity (NAF or APE code)<\/strong>&nbsp;: 0121Z : Vine cultivation<\/p>\n\n\n\n<p>Photo credits&nbsp;: Adobe Stock<\/p>\n\n\n\n<h2 class=\"wp-block-heading\">Hosting<\/h2>\n\n\n\n<p>OVH Quai du Sartel \u2013 59000 Roubaix<\/p>\n\n\n\n<p>The user of the website acknowledges having the skills and means necessary to access and use this site. He also acknowledges having read this legal notice and undertakes to respect it.<\/p>\n\n\n\n<p>Any total or partial representation of this site by any means whatsoever, without the express authorization of the operator of the website is prohibited and would constitute an infringement punishable by articles L 335-2 et seq. of the Intellectual Property Code.<br>The same applies to any databases appearing on the website which are protected by the provisions of the law of July 11, 1998 transposing into the Intellectual Property Code (CPI) the European directive of March 11, 1996 relating to legal protection of databases.<\/p>\n\n\n\n<p>The brands of the website operator and its partners, as well as the logos appearing on the site are registered trademarks (semi-figurative or not).<br>The hypertext links set up within the framework of the website towards other resources present on the Internet network, and in particular towards its partners, have been the subject of express prior written authorization.<\/p>\n\n\n\n<p>Users visiting the website cannot set up a hyperlink to these sites without the express prior authorization of the website operator.<\/p>\n\n\n\n<h2 class=\"wp-block-heading\">Legal drinking age<\/h2>\n\n\n\n<p>To view this site you must be of legal drinking age under your country&#8217;s law \u2013 if you are not, please leave this site.<\/p>\n\n\n\n<h2 class=\"wp-block-heading\">Privacy Policy<\/h2>\n\n\n\n<p>The user has the right to access, modify, rectify and delete data concerning him (article 34 of the \u201cInformatique et Libert\u00e9s\u201d law).<\/p>\n\n\n\n<p>Processing of your personal data<\/p>\n\n\n\n<ul class=\"wp-block-list\">\n<li>Data processing manager&nbsp;: St\u00e9phane VIGNON<\/li>\n\n\n\n<li>Data recipients: Site manager \u2013 Publication director<\/li>\n\n\n\n<li>Purposes of processing: Information and commercial relations<\/li>\n\n\n\n<li>Data retention period: 6 months<\/li>\n\n\n\n<li>Right of access, modification or deletion of data, right to request a copy of the data: <a href=\"mailto:contact@champagne-vignon.com\" target=\"_blank\" rel=\"noreferrer noopener\">contact@champagne-vignon.com<\/a><\/li>\n\n\n\n<li>Right to complain&nbsp;:&nbsp;<a href=\"https:\/\/www.cnil.fr\/fr\/plaintes\/internet\" target=\"_blank\" rel=\"noreferrer noopener\">https:\/\/www.cnil.fr\/fr\/plaintes\/internet<\/a><\/li>\n<\/ul>\n\n\n\n<p>We use different cookies to improve the interactivity of the site and our services. The information collected is only used on the website&nbsp;<a href=\"https:\/\/www.champagne-vignon.com\">www.champagne-vignon.com<\/a><\/p>\n\n\n\n<h2 class=\"wp-block-heading\">What is a cookie&#8221; ?<\/h2>\n\n\n\n<p>\u201cCookies\u201d are files sent by a site manager, in this case \u201cChampagne Vignon\u201d, to the Internet user\u2019s hard drive allowing the manager to identify and remember the Internet user when he or she connects to the site.<br>\u201cChampagne Vignon\u201d may use the cookie system to collect information when you visit our site. This will allow us to know which parts of our site are of interest to you. We can then better understand your interests and provide you with information tailored to your needs.<br>Most browsers automatically accept cookies, but can be configured not to accept them or to cause a warning message if cookies are sent.<br>To enable or disable cookies, go to your browser and configure your browser preferences to your liking.<\/p>\n\n\n<p id=\"matomo_opted_out_intro\" style=\"display:none;\">Opt-out complete; your visits to this website will not be recorded by the Web Analytics tool. Note that if you clear your cookies, delete the opt-out cookie, or if you change computers or Web browsers, you will need to perform the opt-out procedure again.<\/p><p id=\"matomo_opted_in_intro\" >You may choose to prevent this website from aggregating and analyzing the actions you take here. Doing so will protect your privacy, but will also prevent the owner from learning from your actions and creating a better experience for you and other users.<\/p><form>\n        <input type=\"checkbox\" id=\"matomo_optout_checkbox\" checked=\"checked\"\/>\n        <label for=\"matomo_optout_checkbox\"><strong>\n        <span id=\"matomo_opted_in_label\" >You are not opted out. Uncheck this box to opt-out.<\/span>\n\t\t<span id=\"matomo_opted_out_label\" style=\"display:none;\">You are currently opted out. Check this box to opt-in.<\/span>\n        <\/strong><\/label><\/form><noscript><p><strong style=\"color: #ff0000;\">This opt out feature requires JavaScript.<\/strong><\/p><\/noscript><p id=\"matomo_outout_err_cookies\" style=\"display: none;\"><strong>The tracking opt-out feature requires cookies to be enabled.<\/strong><\/p>\n","protected":false},"excerpt":{"rendered":"<p>Site name&nbsp;:&nbsp;www.champagne-vignon.com Publication director&nbsp;: St\u00e9phane VIGNON CHAMPAGNE VIGNON PERE ET FILS10 Rue Colet51360 VerzenayTel&nbsp;: 09 61 49 05 71 SIRET&nbsp;: 482 302 866 &nbsp;R.C.S.&nbsp;REIMSGreffe du Tribunal de Commerce de Reims Legal Form&nbsp;: Exploitation agricole \u00e0 responsabilit\u00e9 limit\u00e9e Activity (NAF or APE code)&nbsp;: 0121Z : Vine cultivation Photo credits&nbsp;: Adobe Stock Hosting OVH Quai du Sartel [&hellip;]<\/p>\n","protected":false},"author":1,"featured_media":0,"parent":0,"menu_order":0,"comment_status":"closed","ping_status":"closed","template":"","meta":{"_acf_changed":false,"footnotes":""},"class_list":["post-650","page","type-page","status-publish","hentry"],"acf":[],"yoast_head":"<!-- This site is optimized with the Yoast SEO plugin v27.3 - https:\/\/yoast.com\/product\/yoast-seo-wordpress\/ -->\n<title>Avviso\u00a0legale - Champagne Vignon P\u00e8re &amp; Fils - Grand Cru Verzenay<\/title>\n<meta name=\"robots\" content=\"index, follow, max-snippet:-1, max-image-preview:large, max-video-preview:-1\" \/>\n<link rel=\"canonical\" href=\"https:\/\/www.champagne-vignon.com\/it\/avviso-legale\" \/>\n<meta property=\"og:locale\" content=\"it_IT\" \/>\n<meta property=\"og:type\" content=\"article\" \/>\n<meta property=\"og:title\" content=\"Avviso\u00a0legale - Champagne Vignon P\u00e8re &amp; Fils - Grand Cru Verzenay\" \/>\n<meta property=\"og:description\" content=\"Site name&nbsp;:&nbsp;www.champagne-vignon.com Publication director&nbsp;: St\u00e9phane VIGNON CHAMPAGNE VIGNON PERE ET FILS10 Rue Colet51360 VerzenayTel&nbsp;: 09 61 49 05 71 SIRET&nbsp;: 482 302 866 &nbsp;R.C.S.&nbsp;REIMSGreffe du Tribunal de Commerce de Reims Legal Form&nbsp;: Exploitation agricole \u00e0 responsabilit\u00e9 limit\u00e9e Activity (NAF or APE code)&nbsp;: 0121Z : Vine cultivation Photo credits&nbsp;: Adobe Stock Hosting OVH Quai du Sartel [&hellip;]\" \/>\n<meta property=\"og:url\" content=\"https:\/\/www.champagne-vignon.com\/it\/avviso-legale\" \/>\n<meta property=\"og:site_name\" content=\"Champagne Vignon P\u00e8re &amp; Fils - Grand Cru Verzenay\" \/>\n<meta property=\"article:publisher\" content=\"https:\/\/www.facebook.com\/champagnevignonlesmarquises\/\" \/>\n<meta property=\"article:modified_time\" content=\"2023-12-05T18:30:25+00:00\" \/>\n<meta name=\"twitter:card\" content=\"summary_large_image\" \/>\n<script type=\"application\/ld+json\" class=\"yoast-schema-graph\">{\"@context\":\"https:\\\/\\\/schema.org\",\"@graph\":[{\"@type\":\"WebPage\",\"@id\":\"https:\\\/\\\/www.champagne-vignon.com\\\/it\\\/avviso-legale\",\"url\":\"https:\\\/\\\/www.champagne-vignon.com\\\/it\\\/avviso-legale\",\"name\":\"Avviso\u00a0legale - Champagne Vignon P\u00e8re &amp; Fils - Grand Cru Verzenay\",\"isPartOf\":{\"@id\":\"https:\\\/\\\/www.champagne-vignon.com\\\/it#website\"},\"datePublished\":\"2023-11-23T20:06:25+00:00\",\"dateModified\":\"2023-12-05T18:30:25+00:00\",\"breadcrumb\":{\"@id\":\"https:\\\/\\\/www.champagne-vignon.com\\\/it\\\/avviso-legale#breadcrumb\"},\"inLanguage\":\"it-IT\",\"potentialAction\":[{\"@type\":\"ReadAction\",\"target\":[\"https:\\\/\\\/www.champagne-vignon.com\\\/it\\\/avviso-legale\"]}]},{\"@type\":\"BreadcrumbList\",\"@id\":\"https:\\\/\\\/www.champagne-vignon.com\\\/it\\\/avviso-legale#breadcrumb\",\"itemListElement\":[{\"@type\":\"ListItem\",\"position\":1,\"name\":\"Accueil\",\"item\":\"https:\\\/\\\/www.champagne-vignon.com\\\/it\"},{\"@type\":\"ListItem\",\"position\":2,\"name\":\"Avviso\u00a0legale\"}]},{\"@type\":\"WebSite\",\"@id\":\"https:\\\/\\\/www.champagne-vignon.com\\\/it#website\",\"url\":\"https:\\\/\\\/www.champagne-vignon.com\\\/it\",\"name\":\"Champagne Vignon P\u00e8re &amp; Fils - Grand Cru Verzenay\",\"description\":\"\",\"publisher\":{\"@id\":\"https:\\\/\\\/www.champagne-vignon.com\\\/it#organization\"},\"potentialAction\":[{\"@type\":\"SearchAction\",\"target\":{\"@type\":\"EntryPoint\",\"urlTemplate\":\"https:\\\/\\\/www.champagne-vignon.com\\\/it?s={search_term_string}\"},\"query-input\":{\"@type\":\"PropertyValueSpecification\",\"valueRequired\":true,\"valueName\":\"search_term_string\"}}],\"inLanguage\":\"it-IT\"},{\"@type\":\"Organization\",\"@id\":\"https:\\\/\\\/www.champagne-vignon.com\\\/it#organization\",\"name\":\"Champagne Vignon P\u00e8re & Fils\",\"url\":\"https:\\\/\\\/www.champagne-vignon.com\\\/it\",\"logo\":{\"@type\":\"ImageObject\",\"inLanguage\":\"it-IT\",\"@id\":\"https:\\\/\\\/www.champagne-vignon.com\\\/it#\\\/schema\\\/logo\\\/image\\\/\",\"url\":\"https:\\\/\\\/www.champagne-vignon.com\\\/wp-content\\\/uploads\\\/2023\\\/12\\\/logo-black.png\",\"contentUrl\":\"https:\\\/\\\/www.champagne-vignon.com\\\/wp-content\\\/uploads\\\/2023\\\/12\\\/logo-black.png\",\"width\":800,\"height\":553,\"caption\":\"Champagne Vignon P\u00e8re & Fils\"},\"image\":{\"@id\":\"https:\\\/\\\/www.champagne-vignon.com\\\/it#\\\/schema\\\/logo\\\/image\\\/\"},\"sameAs\":[\"https:\\\/\\\/www.facebook.com\\\/champagnevignonlesmarquises\\\/\",\"https:\\\/\\\/www.instagram.com\\\/champagne_vignon_pere_et_fils_\\\/\"]}]}<\/script>\n<!-- \/ Yoast SEO plugin. -->","yoast_head_json":{"title":"Avviso\u00a0legale - Champagne Vignon P\u00e8re &amp; Fils - Grand Cru Verzenay","robots":{"index":"index","follow":"follow","max-snippet":"max-snippet:-1","max-image-preview":"max-image-preview:large","max-video-preview":"max-video-preview:-1"},"canonical":"https:\/\/www.champagne-vignon.com\/it\/avviso-legale","og_locale":"it_IT","og_type":"article","og_title":"Avviso\u00a0legale - Champagne Vignon P\u00e8re &amp; Fils - Grand Cru Verzenay","og_description":"Site name&nbsp;:&nbsp;www.champagne-vignon.com Publication director&nbsp;: St\u00e9phane VIGNON CHAMPAGNE VIGNON PERE ET FILS10 Rue Colet51360 VerzenayTel&nbsp;: 09 61 49 05 71 SIRET&nbsp;: 482 302 866 &nbsp;R.C.S.&nbsp;REIMSGreffe du Tribunal de Commerce de Reims Legal Form&nbsp;: Exploitation agricole \u00e0 responsabilit\u00e9 limit\u00e9e Activity (NAF or APE code)&nbsp;: 0121Z : Vine cultivation Photo credits&nbsp;: Adobe Stock Hosting OVH Quai du Sartel [&hellip;]","og_url":"https:\/\/www.champagne-vignon.com\/it\/avviso-legale","og_site_name":"Champagne Vignon P\u00e8re &amp; Fils - Grand Cru Verzenay","article_publisher":"https:\/\/www.facebook.com\/champagnevignonlesmarquises\/","article_modified_time":"2023-12-05T18:30:25+00:00","twitter_card":"summary_large_image","schema":{"@context":"https:\/\/schema.org","@graph":[{"@type":"WebPage","@id":"https:\/\/www.champagne-vignon.com\/it\/avviso-legale","url":"https:\/\/www.champagne-vignon.com\/it\/avviso-legale","name":"Avviso\u00a0legale - Champagne Vignon P\u00e8re &amp; Fils - Grand Cru Verzenay","isPartOf":{"@id":"https:\/\/www.champagne-vignon.com\/it#website"},"datePublished":"2023-11-23T20:06:25+00:00","dateModified":"2023-12-05T18:30:25+00:00","breadcrumb":{"@id":"https:\/\/www.champagne-vignon.com\/it\/avviso-legale#breadcrumb"},"inLanguage":"it-IT","potentialAction":[{"@type":"ReadAction","target":["https:\/\/www.champagne-vignon.com\/it\/avviso-legale"]}]},{"@type":"BreadcrumbList","@id":"https:\/\/www.champagne-vignon.com\/it\/avviso-legale#breadcrumb","itemListElement":[{"@type":"ListItem","position":1,"name":"Accueil","item":"https:\/\/www.champagne-vignon.com\/it"},{"@type":"ListItem","position":2,"name":"Avviso\u00a0legale"}]},{"@type":"WebSite","@id":"https:\/\/www.champagne-vignon.com\/it#website","url":"https:\/\/www.champagne-vignon.com\/it","name":"Champagne Vignon P\u00e8re &amp; Fils - Grand Cru Verzenay","description":"","publisher":{"@id":"https:\/\/www.champagne-vignon.com\/it#organization"},"potentialAction":[{"@type":"SearchAction","target":{"@type":"EntryPoint","urlTemplate":"https:\/\/www.champagne-vignon.com\/it?s={search_term_string}"},"query-input":{"@type":"PropertyValueSpecification","valueRequired":true,"valueName":"search_term_string"}}],"inLanguage":"it-IT"},{"@type":"Organization","@id":"https:\/\/www.champagne-vignon.com\/it#organization","name":"Champagne Vignon P\u00e8re & Fils","url":"https:\/\/www.champagne-vignon.com\/it","logo":{"@type":"ImageObject","inLanguage":"it-IT","@id":"https:\/\/www.champagne-vignon.com\/it#\/schema\/logo\/image\/","url":"https:\/\/www.champagne-vignon.com\/wp-content\/uploads\/2023\/12\/logo-black.png","contentUrl":"https:\/\/www.champagne-vignon.com\/wp-content\/uploads\/2023\/12\/logo-black.png","width":800,"height":553,"caption":"Champagne Vignon P\u00e8re & Fils"},"image":{"@id":"https:\/\/www.champagne-vignon.com\/it#\/schema\/logo\/image\/"},"sameAs":["https:\/\/www.facebook.com\/champagnevignonlesmarquises\/","https:\/\/www.instagram.com\/champagne_vignon_pere_et_fils_\/"]}]}},"_links":{"self":[{"href":"https:\/\/www.champagne-vignon.com\/it\/wp-json\/wp\/v2\/pages\/650","targetHints":{"allow":["GET"]}}],"collection":[{"href":"https:\/\/www.champagne-vignon.com\/it\/wp-json\/wp\/v2\/pages"}],"about":[{"href":"https:\/\/www.champagne-vignon.com\/it\/wp-json\/wp\/v2\/types\/page"}],"author":[{"embeddable":true,"href":"https:\/\/www.champagne-vignon.com\/it\/wp-json\/wp\/v2\/users\/1"}],"replies":[{"embeddable":true,"href":"https:\/\/www.champagne-vignon.com\/it\/wp-json\/wp\/v2\/comments?post=650"}],"version-history":[{"count":1,"href":"https:\/\/www.champagne-vignon.com\/it\/wp-json\/wp\/v2\/pages\/650\/revisions"}],"predecessor-version":[{"id":651,"href":"https:\/\/www.champagne-vignon.com\/it\/wp-json\/wp\/v2\/pages\/650\/revisions\/651"}],"wp:attachment":[{"href":"https:\/\/www.champagne-vignon.com\/it\/wp-json\/wp\/v2\/media?parent=650"}],"curies":[{"name":"wp","href":"https:\/\/api.w.org\/{rel}","templated":true}]}}