{"id":638,"date":"2023-11-23T23:30:37","date_gmt":"2023-11-23T22:30:37","guid":{"rendered":"https:\/\/www.champagne-vignon.com\/?page_id=638"},"modified":"2023-12-05T19:24:57","modified_gmt":"2023-12-05T18:24:57","slug":"la-nostra-tenuta","status":"publish","type":"page","link":"https:\/\/www.champagne-vignon.com\/it\/la-nostra-tenuta","title":{"rendered":"La nostra tenuta\u00a0a Verzenay : nel cuore dei vigneti della Champagne"},"content":{"rendered":"\n<div class=\"wp-block-columns is-layout-flex wp-container-core-columns-is-layout-9d6595d7 wp-block-columns-is-layout-flex\">\n<div class=\"wp-block-column is-layout-flow wp-block-column-is-layout-flow\">\n<h2 class=\"wp-block-heading\">A Verzenay si rispetta la tradizione vitivinicola dello Champagne<\/h2>\n\n\n\n<p>La nostra famiglia lavora nella pura tradizione dello Champagne per offrire a tutti le migliori Cuv\u00e9e di champagne.<\/p>\n\n\n\n<p>Il terroir di Verzenay trasmette la sua potenza, la sua vinosit\u00e0 e le sue tipiche note di frutta rossa e bianca. Scegliere le nostre Cuv\u00e9e significa optare per un&#8217;opera d&#8217;altri tempi, scopri l&#8217;espressione di uno grand Cru.<\/p>\n\n\n\n<figure class=\"wp-block-image size-full\"><img loading=\"lazy\" decoding=\"async\" width=\"1024\" height=\"683\" src=\"https:\/\/www.champagne-vignon.com\/wp-content\/uploads\/2023\/11\/img1.jpg\" alt=\"\" class=\"wp-image-55\" srcset=\"https:\/\/www.champagne-vignon.com\/wp-content\/uploads\/2023\/11\/img1.jpg 1024w, https:\/\/www.champagne-vignon.com\/wp-content\/uploads\/2023\/11\/img1-300x200.jpg 300w, https:\/\/www.champagne-vignon.com\/wp-content\/uploads\/2023\/11\/img1-768x512.jpg 768w\" sizes=\"auto, (max-width: 1024px) 100vw, 1024px\" \/><\/figure>\n\n\n\n<p class=\"has-text-align-center\">Il nostro champagne \u00e8 prodotto esclusivamente sulla nostra tenuta di 7 ettari, situata principalmente nei les terroirs Grand Cru di Verzenay e Verzy (Marne). La nostra azienda ha richiesto la certificazione di &#8220;viticoltura sostenibile&#8221;.<\/p>\n<\/div>\n\n\n\n<div class=\"wp-block-column has-background is-layout-flow wp-block-column-is-layout-flow\" style=\"background-color:#f7f7f7\">\n<div style=\"padding:177.34% 0 0 0;position:relative;\"><iframe src=\"https:\/\/player.vimeo.com\/video\/887944629?badge=0&amp;autopause=0&amp;quality_selector=1&amp;player_id=0&amp;app_id=58479&#038;loop=1&#038;muted=1&#038;autoplay=1&#038;controls=0\" frameborder=\"0\" allow=\"autoplay; fullscreen; picture-in-picture\" style=\"position:absolute;top:0;left:0;width:100%;height:100%;\" title=\"travaux de vigne 1\"><\/iframe><\/div><script src=\"https:\/\/player.vimeo.com\/api\/player.js\"><\/script>\n<\/div>\n<\/div>\n","protected":false},"excerpt":{"rendered":"<p>A Verzenay si rispetta la tradizione vitivinicola dello Champagne La nostra famiglia lavora nella pura tradizione dello Champagne per offrire a tutti le migliori Cuv\u00e9e di champagne. Il terroir di Verzenay trasmette la sua potenza, la sua vinosit\u00e0 e le sue tipiche note di frutta rossa e bianca. Scegliere le nostre Cuv\u00e9e significa optare per [&hellip;]<\/p>\n","protected":false},"author":1,"featured_media":0,"parent":0,"menu_order":0,"comment_status":"closed","ping_status":"closed","template":"","meta":{"_acf_changed":false,"footnotes":""},"class_list":["post-638","page","type-page","status-publish","hentry"],"acf":[],"yoast_head":"<!-- This site is optimized with the Yoast SEO plugin v27.4 - https:\/\/yoast.com\/product\/yoast-seo-wordpress\/ -->\n<title>La nostra tenuta\u00a0a Verzenay : nel cuore dei vigneti della Champagne - Champagne Vignon P\u00e8re &amp; Fils - Grand Cru Verzenay<\/title>\n<meta name=\"robots\" content=\"index, follow, max-snippet:-1, max-image-preview:large, max-video-preview:-1\" \/>\n<link rel=\"canonical\" href=\"https:\/\/www.champagne-vignon.com\/it\/la-nostra-tenuta\" \/>\n<meta property=\"og:locale\" content=\"it_IT\" \/>\n<meta property=\"og:type\" content=\"article\" \/>\n<meta property=\"og:title\" content=\"La nostra tenuta\u00a0a Verzenay : nel cuore dei vigneti della Champagne - Champagne Vignon P\u00e8re &amp; Fils - Grand Cru Verzenay\" \/>\n<meta property=\"og:description\" content=\"A Verzenay si rispetta la tradizione vitivinicola dello Champagne La nostra famiglia lavora nella pura tradizione dello Champagne per offrire a tutti le migliori Cuv\u00e9e di champagne. Il terroir di Verzenay trasmette la sua potenza, la sua vinosit\u00e0 e le sue tipiche note di frutta rossa e bianca. Scegliere le nostre Cuv\u00e9e significa optare per [&hellip;]\" \/>\n<meta property=\"og:url\" content=\"https:\/\/www.champagne-vignon.com\/it\/la-nostra-tenuta\" \/>\n<meta property=\"og:site_name\" content=\"Champagne Vignon P\u00e8re &amp; Fils - Grand Cru Verzenay\" \/>\n<meta property=\"article:publisher\" content=\"https:\/\/www.facebook.com\/champagnevignonlesmarquises\/\" \/>\n<meta property=\"article:modified_time\" content=\"2023-12-05T18:24:57+00:00\" \/>\n<meta property=\"og:image\" content=\"https:\/\/www.champagne-vignon.com\/wp-content\/uploads\/2023\/11\/img1.jpg\" \/>\n<meta name=\"twitter:card\" content=\"summary_large_image\" \/>\n<script type=\"application\/ld+json\" class=\"yoast-schema-graph\">{\"@context\":\"https:\\\/\\\/schema.org\",\"@graph\":[{\"@type\":\"WebPage\",\"@id\":\"https:\\\/\\\/www.champagne-vignon.com\\\/it\\\/la-nostra-tenuta\",\"url\":\"https:\\\/\\\/www.champagne-vignon.com\\\/it\\\/la-nostra-tenuta\",\"name\":\"La nostra tenuta\u00a0a Verzenay : nel cuore dei vigneti della Champagne - Champagne Vignon P\u00e8re &amp; Fils - Grand Cru Verzenay\",\"isPartOf\":{\"@id\":\"https:\\\/\\\/www.champagne-vignon.com\\\/it#website\"},\"primaryImageOfPage\":{\"@id\":\"https:\\\/\\\/www.champagne-vignon.com\\\/it\\\/la-nostra-tenuta#primaryimage\"},\"image\":{\"@id\":\"https:\\\/\\\/www.champagne-vignon.com\\\/it\\\/la-nostra-tenuta#primaryimage\"},\"thumbnailUrl\":\"https:\\\/\\\/www.champagne-vignon.com\\\/wp-content\\\/uploads\\\/2023\\\/11\\\/img1.jpg\",\"datePublished\":\"2023-11-23T22:30:37+00:00\",\"dateModified\":\"2023-12-05T18:24:57+00:00\",\"breadcrumb\":{\"@id\":\"https:\\\/\\\/www.champagne-vignon.com\\\/it\\\/la-nostra-tenuta#breadcrumb\"},\"inLanguage\":\"it-IT\",\"potentialAction\":[{\"@type\":\"ReadAction\",\"target\":[\"https:\\\/\\\/www.champagne-vignon.com\\\/it\\\/la-nostra-tenuta\"]}]},{\"@type\":\"ImageObject\",\"inLanguage\":\"it-IT\",\"@id\":\"https:\\\/\\\/www.champagne-vignon.com\\\/it\\\/la-nostra-tenuta#primaryimage\",\"url\":\"https:\\\/\\\/www.champagne-vignon.com\\\/wp-content\\\/uploads\\\/2023\\\/11\\\/img1.jpg\",\"contentUrl\":\"https:\\\/\\\/www.champagne-vignon.com\\\/wp-content\\\/uploads\\\/2023\\\/11\\\/img1.jpg\"},{\"@type\":\"BreadcrumbList\",\"@id\":\"https:\\\/\\\/www.champagne-vignon.com\\\/it\\\/la-nostra-tenuta#breadcrumb\",\"itemListElement\":[{\"@type\":\"ListItem\",\"position\":1,\"name\":\"Accueil\",\"item\":\"https:\\\/\\\/www.champagne-vignon.com\\\/it\"},{\"@type\":\"ListItem\",\"position\":2,\"name\":\"La nostra tenuta\u00a0a Verzenay : nel cuore dei vigneti della Champagne\"}]},{\"@type\":\"WebSite\",\"@id\":\"https:\\\/\\\/www.champagne-vignon.com\\\/it#website\",\"url\":\"https:\\\/\\\/www.champagne-vignon.com\\\/it\",\"name\":\"Champagne Vignon P\u00e8re &amp; Fils - Grand Cru Verzenay\",\"description\":\"\",\"publisher\":{\"@id\":\"https:\\\/\\\/www.champagne-vignon.com\\\/it#organization\"},\"potentialAction\":[{\"@type\":\"SearchAction\",\"target\":{\"@type\":\"EntryPoint\",\"urlTemplate\":\"https:\\\/\\\/www.champagne-vignon.com\\\/it?s={search_term_string}\"},\"query-input\":{\"@type\":\"PropertyValueSpecification\",\"valueRequired\":true,\"valueName\":\"search_term_string\"}}],\"inLanguage\":\"it-IT\"},{\"@type\":\"Organization\",\"@id\":\"https:\\\/\\\/www.champagne-vignon.com\\\/it#organization\",\"name\":\"Champagne Vignon P\u00e8re & Fils\",\"url\":\"https:\\\/\\\/www.champagne-vignon.com\\\/it\",\"logo\":{\"@type\":\"ImageObject\",\"inLanguage\":\"it-IT\",\"@id\":\"https:\\\/\\\/www.champagne-vignon.com\\\/it#\\\/schema\\\/logo\\\/image\\\/\",\"url\":\"https:\\\/\\\/www.champagne-vignon.com\\\/wp-content\\\/uploads\\\/2023\\\/12\\\/logo-black.png\",\"contentUrl\":\"https:\\\/\\\/www.champagne-vignon.com\\\/wp-content\\\/uploads\\\/2023\\\/12\\\/logo-black.png\",\"width\":800,\"height\":553,\"caption\":\"Champagne Vignon P\u00e8re & Fils\"},\"image\":{\"@id\":\"https:\\\/\\\/www.champagne-vignon.com\\\/it#\\\/schema\\\/logo\\\/image\\\/\"},\"sameAs\":[\"https:\\\/\\\/www.facebook.com\\\/champagnevignonlesmarquises\\\/\",\"https:\\\/\\\/www.instagram.com\\\/champagne_vignon_pere_et_fils_\\\/\"]}]}<\/script>\n<!-- \/ Yoast SEO plugin. -->","yoast_head_json":{"title":"La nostra tenuta\u00a0a Verzenay : nel cuore dei vigneti della Champagne - Champagne Vignon P\u00e8re &amp; Fils - Grand Cru Verzenay","robots":{"index":"index","follow":"follow","max-snippet":"max-snippet:-1","max-image-preview":"max-image-preview:large","max-video-preview":"max-video-preview:-1"},"canonical":"https:\/\/www.champagne-vignon.com\/it\/la-nostra-tenuta","og_locale":"it_IT","og_type":"article","og_title":"La nostra tenuta\u00a0a Verzenay : nel cuore dei vigneti della Champagne - Champagne Vignon P\u00e8re &amp; Fils - Grand Cru Verzenay","og_description":"A Verzenay si rispetta la tradizione vitivinicola dello Champagne La nostra famiglia lavora nella pura tradizione dello Champagne per offrire a tutti le migliori Cuv\u00e9e di champagne. Il terroir di Verzenay trasmette la sua potenza, la sua vinosit\u00e0 e le sue tipiche note di frutta rossa e bianca. Scegliere le nostre Cuv\u00e9e significa optare per [&hellip;]","og_url":"https:\/\/www.champagne-vignon.com\/it\/la-nostra-tenuta","og_site_name":"Champagne Vignon P\u00e8re &amp; Fils - Grand Cru Verzenay","article_publisher":"https:\/\/www.facebook.com\/champagnevignonlesmarquises\/","article_modified_time":"2023-12-05T18:24:57+00:00","og_image":[{"url":"https:\/\/www.champagne-vignon.com\/wp-content\/uploads\/2023\/11\/img1.jpg","type":"","width":"","height":""}],"twitter_card":"summary_large_image","schema":{"@context":"https:\/\/schema.org","@graph":[{"@type":"WebPage","@id":"https:\/\/www.champagne-vignon.com\/it\/la-nostra-tenuta","url":"https:\/\/www.champagne-vignon.com\/it\/la-nostra-tenuta","name":"La nostra tenuta\u00a0a Verzenay : nel cuore dei vigneti della Champagne - Champagne Vignon P\u00e8re &amp; Fils - Grand Cru Verzenay","isPartOf":{"@id":"https:\/\/www.champagne-vignon.com\/it#website"},"primaryImageOfPage":{"@id":"https:\/\/www.champagne-vignon.com\/it\/la-nostra-tenuta#primaryimage"},"image":{"@id":"https:\/\/www.champagne-vignon.com\/it\/la-nostra-tenuta#primaryimage"},"thumbnailUrl":"https:\/\/www.champagne-vignon.com\/wp-content\/uploads\/2023\/11\/img1.jpg","datePublished":"2023-11-23T22:30:37+00:00","dateModified":"2023-12-05T18:24:57+00:00","breadcrumb":{"@id":"https:\/\/www.champagne-vignon.com\/it\/la-nostra-tenuta#breadcrumb"},"inLanguage":"it-IT","potentialAction":[{"@type":"ReadAction","target":["https:\/\/www.champagne-vignon.com\/it\/la-nostra-tenuta"]}]},{"@type":"ImageObject","inLanguage":"it-IT","@id":"https:\/\/www.champagne-vignon.com\/it\/la-nostra-tenuta#primaryimage","url":"https:\/\/www.champagne-vignon.com\/wp-content\/uploads\/2023\/11\/img1.jpg","contentUrl":"https:\/\/www.champagne-vignon.com\/wp-content\/uploads\/2023\/11\/img1.jpg"},{"@type":"BreadcrumbList","@id":"https:\/\/www.champagne-vignon.com\/it\/la-nostra-tenuta#breadcrumb","itemListElement":[{"@type":"ListItem","position":1,"name":"Accueil","item":"https:\/\/www.champagne-vignon.com\/it"},{"@type":"ListItem","position":2,"name":"La nostra tenuta\u00a0a Verzenay : nel cuore dei vigneti della Champagne"}]},{"@type":"WebSite","@id":"https:\/\/www.champagne-vignon.com\/it#website","url":"https:\/\/www.champagne-vignon.com\/it","name":"Champagne Vignon P\u00e8re &amp; Fils - Grand Cru Verzenay","description":"","publisher":{"@id":"https:\/\/www.champagne-vignon.com\/it#organization"},"potentialAction":[{"@type":"SearchAction","target":{"@type":"EntryPoint","urlTemplate":"https:\/\/www.champagne-vignon.com\/it?s={search_term_string}"},"query-input":{"@type":"PropertyValueSpecification","valueRequired":true,"valueName":"search_term_string"}}],"inLanguage":"it-IT"},{"@type":"Organization","@id":"https:\/\/www.champagne-vignon.com\/it#organization","name":"Champagne Vignon P\u00e8re & Fils","url":"https:\/\/www.champagne-vignon.com\/it","logo":{"@type":"ImageObject","inLanguage":"it-IT","@id":"https:\/\/www.champagne-vignon.com\/it#\/schema\/logo\/image\/","url":"https:\/\/www.champagne-vignon.com\/wp-content\/uploads\/2023\/12\/logo-black.png","contentUrl":"https:\/\/www.champagne-vignon.com\/wp-content\/uploads\/2023\/12\/logo-black.png","width":800,"height":553,"caption":"Champagne Vignon P\u00e8re & Fils"},"image":{"@id":"https:\/\/www.champagne-vignon.com\/it#\/schema\/logo\/image\/"},"sameAs":["https:\/\/www.facebook.com\/champagnevignonlesmarquises\/","https:\/\/www.instagram.com\/champagne_vignon_pere_et_fils_\/"]}]}},"_links":{"self":[{"href":"https:\/\/www.champagne-vignon.com\/it\/wp-json\/wp\/v2\/pages\/638","targetHints":{"allow":["GET"]}}],"collection":[{"href":"https:\/\/www.champagne-vignon.com\/it\/wp-json\/wp\/v2\/pages"}],"about":[{"href":"https:\/\/www.champagne-vignon.com\/it\/wp-json\/wp\/v2\/types\/page"}],"author":[{"embeddable":true,"href":"https:\/\/www.champagne-vignon.com\/it\/wp-json\/wp\/v2\/users\/1"}],"replies":[{"embeddable":true,"href":"https:\/\/www.champagne-vignon.com\/it\/wp-json\/wp\/v2\/comments?post=638"}],"version-history":[{"count":1,"href":"https:\/\/www.champagne-vignon.com\/it\/wp-json\/wp\/v2\/pages\/638\/revisions"}],"predecessor-version":[{"id":639,"href":"https:\/\/www.champagne-vignon.com\/it\/wp-json\/wp\/v2\/pages\/638\/revisions\/639"}],"wp:attachment":[{"href":"https:\/\/www.champagne-vignon.com\/it\/wp-json\/wp\/v2\/media?parent=638"}],"curies":[{"name":"wp","href":"https:\/\/api.w.org\/{rel}","templated":true}]}}