{"id":559,"date":"2023-11-23T21:06:25","date_gmt":"2023-11-23T20:06:25","guid":{"rendered":"https:\/\/www.champagne-vignon.com\/?page_id=559"},"modified":"2023-12-03T23:10:21","modified_gmt":"2023-12-03T22:10:21","slug":"unabhaengiger-winzer-in-verzenay","status":"publish","type":"page","link":"https:\/\/www.champagne-vignon.com\/de","title":{"rendered":"Unabh\u00e4ngiger Winzer in Verzenay"},"content":{"rendered":"\n<h2 class=\"wp-block-heading has-text-align-center has-text-color has-link-color wp-elements-c703c725af30185381b8c893e01407de\" style=\"color:#b5920c\">In Verzenay, Champagne Vignon P\u00e8re &amp; Fils: eine Ahnengeschichte<\/h2>\n\n\n\n<p class=\"has-text-align-center\">Seit Jahrhunderten in der Champagne pr\u00e4sent, begann die Familie Vignon 1946 wieder mit der Herstellung ihrer Champagner. Heute betreiben wir in dritter Generation die Marke Champagne Vignon. Unsere Leidenschaft f\u00fcr Wein, Respekt f\u00fcr unsere Pracht Terroir und die Strenge unserer Aufgaben stehen im Dienst einer Identit\u00e4t und eines Stils, der f\u00fcr uns einzigartig ist.<\/p>\n\n\n\n<figure class=\"wp-block-image alignwide size-full\"><img loading=\"lazy\" decoding=\"async\" width=\"2560\" height=\"1205\" src=\"https:\/\/www.champagne-vignon.com\/wp-content\/uploads\/2023\/11\/bg-6-1-scaled.jpg\" alt=\"\" class=\"wp-image-486\" srcset=\"https:\/\/www.champagne-vignon.com\/wp-content\/uploads\/2023\/11\/bg-6-1-scaled.jpg 2560w, https:\/\/www.champagne-vignon.com\/wp-content\/uploads\/2023\/11\/bg-6-1-300x141.jpg 300w, https:\/\/www.champagne-vignon.com\/wp-content\/uploads\/2023\/11\/bg-6-1-1024x482.jpg 1024w, https:\/\/www.champagne-vignon.com\/wp-content\/uploads\/2023\/11\/bg-6-1-768x361.jpg 768w, https:\/\/www.champagne-vignon.com\/wp-content\/uploads\/2023\/11\/bg-6-1-1536x723.jpg 1536w, https:\/\/www.champagne-vignon.com\/wp-content\/uploads\/2023\/11\/bg-6-1-2048x964.jpg 2048w\" sizes=\"auto, (max-width: 2560px) 100vw, 2560px\" \/><\/figure>\n\n\n\n<h2 class=\"wp-block-heading has-text-align-center has-text-color has-link-color wp-elements-997e45eca9cdf6d7e1435fcf09b8b398\" style=\"color:#b5920c\">Unsere Identit\u00e4t: authentische Champagner<\/h2>\n\n\n\n<p class=\"has-text-align-center\">Wir bieten Champagner auf Parzellenbasis an, alle in Grand Cru, Extra-Brut, Jahrgang und mit so wenig Intervention wie m\u00f6glich. Die Weine des Hauses Champagne Vignon P\u00e8re &amp; Fils werden \u00fcberwiegend in F\u00e4ssern ausgebaut, mit nat\u00fcrlichen Hefen, ohne Sch\u00f6nung oder Filtration, und eine Chaptalisierung, wenn die Natur es zul\u00e4sst, wird nicht angestrebt. Die Champagner sind authentisch, weil nur der Wein und die Natur \u00fcber den gr\u00f6\u00dften Genuss des Gaumens entscheiden.<\/p>\n\n\n\n\n\t\t<style type=\"text\/css\">\n\t\t\t#gallery-1 {\n\t\t\t\tmargin: auto;\n\t\t\t}\n\t\t\t#gallery-1 .gallery-item {\n\t\t\t\tfloat: left;\n\t\t\t\tmargin-top: 10px;\n\t\t\t\ttext-align: center;\n\t\t\t\twidth: 33%;\n\t\t\t}\n\t\t\t#gallery-1 img {\n\t\t\t\tborder: 2px solid #cfcfcf;\n\t\t\t}\n\t\t\t#gallery-1 .gallery-caption {\n\t\t\t\tmargin-left: 0;\n\t\t\t}\n\t\t\t\/* see gallery_shortcode() in wp-includes\/media.php *\/\n\t\t<\/style>\n\t\t<div id='gallery-1' class='gallery galleryid-559 gallery-columns-3 gallery-size-thumbnail'><dl class='gallery-item'>\n\t\t\t<dt class='gallery-icon landscape'>\n\t\t\t\t<a href='https:\/\/www.champagne-vignon.com\/de\/unabhaengiger-winzer-in-verzenay\/photo1-2'><img loading=\"lazy\" decoding=\"async\" width=\"150\" height=\"150\" src=\"https:\/\/www.champagne-vignon.com\/wp-content\/uploads\/2023\/11\/photo1-150x150.jpg\" class=\"attachment-thumbnail size-thumbnail\" alt=\"\" \/><\/a>\n\t\t\t<\/dt><\/dl><dl class='gallery-item'>\n\t\t\t<dt class='gallery-icon landscape'>\n\t\t\t\t<a href='https:\/\/www.champagne-vignon.com\/de\/unabhaengiger-winzer-in-verzenay\/photo2-2'><img loading=\"lazy\" decoding=\"async\" width=\"150\" height=\"150\" src=\"https:\/\/www.champagne-vignon.com\/wp-content\/uploads\/2023\/11\/photo2-150x150.jpg\" class=\"attachment-thumbnail size-thumbnail\" alt=\"\" \/><\/a>\n\t\t\t<\/dt><\/dl><dl class='gallery-item'>\n\t\t\t<dt class='gallery-icon landscape'>\n\t\t\t\t<a href='https:\/\/www.champagne-vignon.com\/de\/unabhaengiger-winzer-in-verzenay\/photo3-2'><img loading=\"lazy\" decoding=\"async\" width=\"150\" height=\"150\" src=\"https:\/\/www.champagne-vignon.com\/wp-content\/uploads\/2023\/11\/photo3-150x150.jpg\" class=\"attachment-thumbnail size-thumbnail\" alt=\"\" \/><\/a>\n\t\t\t<\/dt><\/dl><br style=\"clear: both\" \/><dl class='gallery-item'>\n\t\t\t<dt class='gallery-icon landscape'>\n\t\t\t\t<a href='https:\/\/www.champagne-vignon.com\/de\/unabhaengiger-winzer-in-verzenay\/photo4-2'><img loading=\"lazy\" decoding=\"async\" width=\"150\" height=\"150\" src=\"https:\/\/www.champagne-vignon.com\/wp-content\/uploads\/2023\/11\/photo4-150x150.jpg\" class=\"attachment-thumbnail size-thumbnail\" alt=\"\" \/><\/a>\n\t\t\t<\/dt><\/dl><dl class='gallery-item'>\n\t\t\t<dt class='gallery-icon landscape'>\n\t\t\t\t<a href='https:\/\/www.champagne-vignon.com\/de\/unabhaengiger-winzer-in-verzenay\/photo5-2'><img loading=\"lazy\" decoding=\"async\" width=\"150\" height=\"150\" src=\"https:\/\/www.champagne-vignon.com\/wp-content\/uploads\/2023\/11\/photo5-150x150.jpg\" class=\"attachment-thumbnail size-thumbnail\" alt=\"\" \/><\/a>\n\t\t\t<\/dt><\/dl><dl class='gallery-item'>\n\t\t\t<dt class='gallery-icon landscape'>\n\t\t\t\t<a href='https:\/\/www.champagne-vignon.com\/de\/unabhaengiger-winzer-in-verzenay\/photo6-2'><img loading=\"lazy\" decoding=\"async\" width=\"150\" height=\"150\" src=\"https:\/\/www.champagne-vignon.com\/wp-content\/uploads\/2023\/11\/photo6-150x150.jpg\" class=\"attachment-thumbnail size-thumbnail\" alt=\"\" \/><\/a>\n\t\t\t<\/dt><\/dl><br style=\"clear: both\" \/><dl class='gallery-item'>\n\t\t\t<dt class='gallery-icon landscape'>\n\t\t\t\t<a href='https:\/\/www.champagne-vignon.com\/de\/unabhaengiger-winzer-in-verzenay\/photo7-2'><img loading=\"lazy\" decoding=\"async\" width=\"150\" height=\"150\" src=\"https:\/\/www.champagne-vignon.com\/wp-content\/uploads\/2023\/11\/photo7-150x150.jpg\" class=\"attachment-thumbnail size-thumbnail\" alt=\"\" \/><\/a>\n\t\t\t<\/dt><\/dl><dl class='gallery-item'>\n\t\t\t<dt class='gallery-icon landscape'>\n\t\t\t\t<a href='https:\/\/www.champagne-vignon.com\/de\/unabhaengiger-winzer-in-verzenay\/photo8-2'><img loading=\"lazy\" decoding=\"async\" width=\"150\" height=\"150\" src=\"https:\/\/www.champagne-vignon.com\/wp-content\/uploads\/2023\/11\/photo8-150x150.jpg\" class=\"attachment-thumbnail size-thumbnail\" alt=\"\" \/><\/a>\n\t\t\t<\/dt><\/dl>\n\t\t\t<br style='clear: both' \/>\n\t\t<\/div>\n\n\n\n\n<div style=\"height:61px\" aria-hidden=\"true\" class=\"wp-block-spacer\"><\/div>\n\n\n\n<div class=\"wp-block-columns has-background is-layout-flex wp-container-core-columns-is-layout-9d6595d7 wp-block-columns-is-layout-flex\" style=\"background-color:#f6f6f6\">\n<div class=\"wp-block-column is-layout-flow wp-block-column-is-layout-flow\">\n\n\t\t<style type=\"text\/css\">\n\t\t\t#gallery-2 {\n\t\t\t\tmargin: auto;\n\t\t\t}\n\t\t\t#gallery-2 .gallery-item {\n\t\t\t\tfloat: left;\n\t\t\t\tmargin-top: 10px;\n\t\t\t\ttext-align: center;\n\t\t\t\twidth: 33%;\n\t\t\t}\n\t\t\t#gallery-2 img {\n\t\t\t\tborder: 2px solid #cfcfcf;\n\t\t\t}\n\t\t\t#gallery-2 .gallery-caption {\n\t\t\t\tmargin-left: 0;\n\t\t\t}\n\t\t\t\/* see gallery_shortcode() in wp-includes\/media.php *\/\n\t\t<\/style>\n\t\t<div id='gallery-2' class='gallery galleryid-559 gallery-columns-3 gallery-size-thumbnail'><dl class='gallery-item'>\n\t\t\t<dt class='gallery-icon landscape'>\n\t\t\t\t<a href='https:\/\/www.champagne-vignon.com\/de\/die-marquisen-auf-reise\/119-2'><img loading=\"lazy\" decoding=\"async\" width=\"150\" height=\"150\" src=\"https:\/\/www.champagne-vignon.com\/wp-content\/uploads\/2023\/11\/119-150x150.jpg\" class=\"attachment-thumbnail size-thumbnail\" alt=\"\" \/><\/a>\n\t\t\t<\/dt><\/dl><dl class='gallery-item'>\n\t\t\t<dt class='gallery-icon landscape'>\n\t\t\t\t<a href='https:\/\/www.champagne-vignon.com\/de\/die-marquisen-auf-reise\/124-2'><img loading=\"lazy\" decoding=\"async\" width=\"150\" height=\"150\" src=\"https:\/\/www.champagne-vignon.com\/wp-content\/uploads\/2023\/11\/124-150x150.jpg\" class=\"attachment-thumbnail size-thumbnail\" alt=\"\" \/><\/a>\n\t\t\t<\/dt><\/dl><dl class='gallery-item'>\n\t\t\t<dt class='gallery-icon landscape'>\n\t\t\t\t<a href='https:\/\/www.champagne-vignon.com\/de\/die-marquisen-auf-reise\/136-2'><img loading=\"lazy\" decoding=\"async\" width=\"150\" height=\"150\" src=\"https:\/\/www.champagne-vignon.com\/wp-content\/uploads\/2023\/11\/136-150x150.jpg\" class=\"attachment-thumbnail size-thumbnail\" alt=\"\" \/><\/a>\n\t\t\t<\/dt><\/dl><br style=\"clear: both\" \/><dl class='gallery-item'>\n\t\t\t<dt class='gallery-icon landscape'>\n\t\t\t\t<a href='https:\/\/www.champagne-vignon.com\/de\/die-marquisen-auf-reise\/129-2'><img loading=\"lazy\" decoding=\"async\" width=\"150\" height=\"150\" src=\"https:\/\/www.champagne-vignon.com\/wp-content\/uploads\/2023\/11\/129-150x150.jpg\" class=\"attachment-thumbnail size-thumbnail\" alt=\"\" \/><\/a>\n\t\t\t<\/dt><\/dl><dl class='gallery-item'>\n\t\t\t<dt class='gallery-icon landscape'>\n\t\t\t\t<a href='https:\/\/www.champagne-vignon.com\/de\/die-marquisen-auf-reise\/132-2'><img loading=\"lazy\" decoding=\"async\" width=\"150\" height=\"150\" src=\"https:\/\/www.champagne-vignon.com\/wp-content\/uploads\/2023\/11\/132-150x150.jpg\" class=\"attachment-thumbnail size-thumbnail\" alt=\"\" \/><\/a>\n\t\t\t<\/dt><\/dl><dl class='gallery-item'>\n\t\t\t<dt class='gallery-icon landscape'>\n\t\t\t\t<a href='https:\/\/www.champagne-vignon.com\/de\/die-marquisen-auf-reise\/128-2'><img loading=\"lazy\" decoding=\"async\" width=\"150\" height=\"150\" src=\"https:\/\/www.champagne-vignon.com\/wp-content\/uploads\/2023\/11\/128-150x150.jpg\" class=\"attachment-thumbnail size-thumbnail\" alt=\"\" \/><\/a>\n\t\t\t<\/dt><\/dl><br style=\"clear: both\" \/><dl class='gallery-item'>\n\t\t\t<dt class='gallery-icon landscape'>\n\t\t\t\t<a href='https:\/\/www.champagne-vignon.com\/de\/die-marquisen-auf-reise\/110-2'><img loading=\"lazy\" decoding=\"async\" width=\"150\" height=\"150\" src=\"https:\/\/www.champagne-vignon.com\/wp-content\/uploads\/2023\/11\/110-150x150.jpg\" class=\"attachment-thumbnail size-thumbnail\" alt=\"\" \/><\/a>\n\t\t\t<\/dt><\/dl><dl class='gallery-item'>\n\t\t\t<dt class='gallery-icon landscape'>\n\t\t\t\t<a href='https:\/\/www.champagne-vignon.com\/de\/die-marquisen-auf-reise\/125-2'><img loading=\"lazy\" decoding=\"async\" width=\"150\" height=\"150\" src=\"https:\/\/www.champagne-vignon.com\/wp-content\/uploads\/2023\/11\/125-150x150.jpg\" class=\"attachment-thumbnail size-thumbnail\" alt=\"\" \/><\/a>\n\t\t\t<\/dt><\/dl><dl class='gallery-item'>\n\t\t\t<dt class='gallery-icon landscape'>\n\t\t\t\t<a href='https:\/\/www.champagne-vignon.com\/de\/die-marquisen-auf-reise\/104-2'><img loading=\"lazy\" decoding=\"async\" width=\"150\" height=\"150\" src=\"https:\/\/www.champagne-vignon.com\/wp-content\/uploads\/2023\/11\/104-150x150.jpg\" class=\"attachment-thumbnail size-thumbnail\" alt=\"\" \/><\/a>\n\t\t\t<\/dt><\/dl><br style=\"clear: both\" \/>\n\t\t<\/div>\n\n<\/div>\n\n\n\n<div class=\"wp-block-column is-vertically-aligned-center is-layout-flow wp-block-column-is-layout-flow\">\n<p class=\"has-text-align-center\"><strong><strong><strong>DIE MARKGRAFEN<\/strong> <strong>AUF REISE<\/strong><\/strong><\/strong><\/p>\n\n\n\n<p class=\"has-text-align-center\">Senden Sie uns Ihre Fotos und Ihre Kommentare<\/p>\n\n\n\n<div class=\"wp-block-buttons is-content-justification-center is-layout-flex wp-container-core-buttons-is-layout-16018d1d wp-block-buttons-is-layout-flex\">\n<div class=\"wp-block-button\"><a class=\"wp-block-button__link has-text-align-center wp-element-button\" href=\"https:\/\/www.champagne-vignon.com\/les-marquises-en-voyage\/\">Lass uns gehen !<\/a><\/div>\n<\/div>\n<\/div>\n<\/div>\n","protected":false},"excerpt":{"rendered":"<p>In Verzenay, Champagne Vignon P\u00e8re &amp; Fils: eine Ahnengeschichte Seit Jahrhunderten in der Champagne pr\u00e4sent, begann die Familie Vignon 1946 wieder mit der Herstellung ihrer Champagner. Heute betreiben wir in dritter Generation die Marke Champagne Vignon. Unsere Leidenschaft f\u00fcr Wein, Respekt f\u00fcr unsere Pracht Terroir und die Strenge unserer Aufgaben stehen im Dienst einer Identit\u00e4t [&hellip;]<\/p>\n","protected":false},"author":1,"featured_media":0,"parent":0,"menu_order":0,"comment_status":"closed","ping_status":"closed","template":"page-templates\/page_home.php","meta":{"_acf_changed":false,"footnotes":""},"class_list":["post-559","page","type-page","status-publish","hentry"],"acf":[],"yoast_head":"<!-- This site is optimized with the Yoast SEO plugin v27.3 - https:\/\/yoast.com\/product\/yoast-seo-wordpress\/ -->\n<title>Unabh\u00e4ngiger Winzer in Verzenay - Champagne Vignon P\u00e8re &amp; Fils - Grand Cru Verzenay<\/title>\n<meta name=\"robots\" content=\"index, follow, max-snippet:-1, max-image-preview:large, max-video-preview:-1\" \/>\n<link rel=\"canonical\" href=\"https:\/\/www.champagne-vignon.com\/de\" \/>\n<meta property=\"og:locale\" content=\"de_DE\" \/>\n<meta property=\"og:type\" content=\"article\" \/>\n<meta property=\"og:title\" content=\"Unabh\u00e4ngiger Winzer in Verzenay - Champagne Vignon P\u00e8re &amp; Fils - Grand Cru Verzenay\" \/>\n<meta property=\"og:description\" content=\"In Verzenay, Champagne Vignon P\u00e8re &amp; Fils: eine Ahnengeschichte Seit Jahrhunderten in der Champagne pr\u00e4sent, begann die Familie Vignon 1946 wieder mit der Herstellung ihrer Champagner. Heute betreiben wir in dritter Generation die Marke Champagne Vignon. Unsere Leidenschaft f\u00fcr Wein, Respekt f\u00fcr unsere Pracht Terroir und die Strenge unserer Aufgaben stehen im Dienst einer Identit\u00e4t [&hellip;]\" \/>\n<meta property=\"og:url\" content=\"https:\/\/www.champagne-vignon.com\/de\" \/>\n<meta property=\"og:site_name\" content=\"Champagne Vignon P\u00e8re &amp; Fils - Grand Cru Verzenay\" \/>\n<meta property=\"article:publisher\" content=\"https:\/\/www.facebook.com\/champagnevignonlesmarquises\/\" \/>\n<meta property=\"article:modified_time\" content=\"2023-12-03T22:10:21+00:00\" \/>\n<meta property=\"og:image\" content=\"https:\/\/www.champagne-vignon.com\/wp-content\/uploads\/2023\/11\/photo1.jpg\" \/>\n<meta name=\"twitter:card\" content=\"summary_large_image\" \/>\n<script type=\"application\/ld+json\" class=\"yoast-schema-graph\">{\"@context\":\"https:\\\/\\\/schema.org\",\"@graph\":[{\"@type\":\"WebPage\",\"@id\":\"https:\\\/\\\/www.champagne-vignon.com\\\/de\",\"url\":\"https:\\\/\\\/www.champagne-vignon.com\\\/de\",\"name\":\"Unabh\u00e4ngiger Winzer in Verzenay - Champagne Vignon P\u00e8re &amp; Fils - Grand Cru Verzenay\",\"isPartOf\":{\"@id\":\"https:\\\/\\\/www.champagne-vignon.com\\\/de#website\"},\"primaryImageOfPage\":{\"@id\":\"https:\\\/\\\/www.champagne-vignon.com\\\/de#primaryimage\"},\"image\":{\"@id\":\"https:\\\/\\\/www.champagne-vignon.com\\\/de#primaryimage\"},\"thumbnailUrl\":\"https:\\\/\\\/www.champagne-vignon.com\\\/wp-content\\\/uploads\\\/2023\\\/11\\\/bg-6-1-scaled.jpg\",\"datePublished\":\"2023-11-23T20:06:25+00:00\",\"dateModified\":\"2023-12-03T22:10:21+00:00\",\"breadcrumb\":{\"@id\":\"https:\\\/\\\/www.champagne-vignon.com\\\/de#breadcrumb\"},\"inLanguage\":\"de\",\"potentialAction\":[{\"@type\":\"ReadAction\",\"target\":[\"https:\\\/\\\/www.champagne-vignon.com\\\/de\"]}]},{\"@type\":\"ImageObject\",\"inLanguage\":\"de\",\"@id\":\"https:\\\/\\\/www.champagne-vignon.com\\\/de#primaryimage\",\"url\":\"https:\\\/\\\/www.champagne-vignon.com\\\/wp-content\\\/uploads\\\/2023\\\/11\\\/bg-6-1-scaled.jpg\",\"contentUrl\":\"https:\\\/\\\/www.champagne-vignon.com\\\/wp-content\\\/uploads\\\/2023\\\/11\\\/bg-6-1-scaled.jpg\"},{\"@type\":\"BreadcrumbList\",\"@id\":\"https:\\\/\\\/www.champagne-vignon.com\\\/de#breadcrumb\",\"itemListElement\":[{\"@type\":\"ListItem\",\"position\":1,\"name\":\"Accueil\",\"item\":\"https:\\\/\\\/www.champagne-vignon.com\\\/de\"},{\"@type\":\"ListItem\",\"position\":2,\"name\":\"Unabh\u00e4ngiger Winzer in Verzenay\"}]},{\"@type\":\"WebSite\",\"@id\":\"https:\\\/\\\/www.champagne-vignon.com\\\/de#website\",\"url\":\"https:\\\/\\\/www.champagne-vignon.com\\\/de\",\"name\":\"Champagne Vignon P\u00e8re &amp; Fils - Grand Cru Verzenay\",\"description\":\"\",\"publisher\":{\"@id\":\"https:\\\/\\\/www.champagne-vignon.com\\\/de#organization\"},\"potentialAction\":[{\"@type\":\"SearchAction\",\"target\":{\"@type\":\"EntryPoint\",\"urlTemplate\":\"https:\\\/\\\/www.champagne-vignon.com\\\/de?s={search_term_string}\"},\"query-input\":{\"@type\":\"PropertyValueSpecification\",\"valueRequired\":true,\"valueName\":\"search_term_string\"}}],\"inLanguage\":\"de\"},{\"@type\":\"Organization\",\"@id\":\"https:\\\/\\\/www.champagne-vignon.com\\\/de#organization\",\"name\":\"Champagne Vignon P\u00e8re & Fils\",\"url\":\"https:\\\/\\\/www.champagne-vignon.com\\\/de\",\"logo\":{\"@type\":\"ImageObject\",\"inLanguage\":\"de\",\"@id\":\"https:\\\/\\\/www.champagne-vignon.com\\\/de#\\\/schema\\\/logo\\\/image\\\/\",\"url\":\"https:\\\/\\\/www.champagne-vignon.com\\\/wp-content\\\/uploads\\\/2023\\\/12\\\/logo-black.png\",\"contentUrl\":\"https:\\\/\\\/www.champagne-vignon.com\\\/wp-content\\\/uploads\\\/2023\\\/12\\\/logo-black.png\",\"width\":800,\"height\":553,\"caption\":\"Champagne Vignon P\u00e8re & Fils\"},\"image\":{\"@id\":\"https:\\\/\\\/www.champagne-vignon.com\\\/de#\\\/schema\\\/logo\\\/image\\\/\"},\"sameAs\":[\"https:\\\/\\\/www.facebook.com\\\/champagnevignonlesmarquises\\\/\",\"https:\\\/\\\/www.instagram.com\\\/champagne_vignon_pere_et_fils_\\\/\"]}]}<\/script>\n<!-- \/ Yoast SEO plugin. -->","yoast_head_json":{"title":"Unabh\u00e4ngiger Winzer in Verzenay - Champagne Vignon P\u00e8re &amp; Fils - Grand Cru Verzenay","robots":{"index":"index","follow":"follow","max-snippet":"max-snippet:-1","max-image-preview":"max-image-preview:large","max-video-preview":"max-video-preview:-1"},"canonical":"https:\/\/www.champagne-vignon.com\/de","og_locale":"de_DE","og_type":"article","og_title":"Unabh\u00e4ngiger Winzer in Verzenay - Champagne Vignon P\u00e8re &amp; Fils - Grand Cru Verzenay","og_description":"In Verzenay, Champagne Vignon P\u00e8re &amp; Fils: eine Ahnengeschichte Seit Jahrhunderten in der Champagne pr\u00e4sent, begann die Familie Vignon 1946 wieder mit der Herstellung ihrer Champagner. Heute betreiben wir in dritter Generation die Marke Champagne Vignon. Unsere Leidenschaft f\u00fcr Wein, Respekt f\u00fcr unsere Pracht Terroir und die Strenge unserer Aufgaben stehen im Dienst einer Identit\u00e4t [&hellip;]","og_url":"https:\/\/www.champagne-vignon.com\/de","og_site_name":"Champagne Vignon P\u00e8re &amp; Fils - Grand Cru Verzenay","article_publisher":"https:\/\/www.facebook.com\/champagnevignonlesmarquises\/","article_modified_time":"2023-12-03T22:10:21+00:00","og_image":[{"url":"https:\/\/www.champagne-vignon.com\/wp-content\/uploads\/2023\/11\/photo1.jpg","type":"","width":"","height":""}],"twitter_card":"summary_large_image","schema":{"@context":"https:\/\/schema.org","@graph":[{"@type":"WebPage","@id":"https:\/\/www.champagne-vignon.com\/de","url":"https:\/\/www.champagne-vignon.com\/de","name":"Unabh\u00e4ngiger Winzer in Verzenay - Champagne Vignon P\u00e8re &amp; Fils - Grand Cru Verzenay","isPartOf":{"@id":"https:\/\/www.champagne-vignon.com\/de#website"},"primaryImageOfPage":{"@id":"https:\/\/www.champagne-vignon.com\/de#primaryimage"},"image":{"@id":"https:\/\/www.champagne-vignon.com\/de#primaryimage"},"thumbnailUrl":"https:\/\/www.champagne-vignon.com\/wp-content\/uploads\/2023\/11\/bg-6-1-scaled.jpg","datePublished":"2023-11-23T20:06:25+00:00","dateModified":"2023-12-03T22:10:21+00:00","breadcrumb":{"@id":"https:\/\/www.champagne-vignon.com\/de#breadcrumb"},"inLanguage":"de","potentialAction":[{"@type":"ReadAction","target":["https:\/\/www.champagne-vignon.com\/de"]}]},{"@type":"ImageObject","inLanguage":"de","@id":"https:\/\/www.champagne-vignon.com\/de#primaryimage","url":"https:\/\/www.champagne-vignon.com\/wp-content\/uploads\/2023\/11\/bg-6-1-scaled.jpg","contentUrl":"https:\/\/www.champagne-vignon.com\/wp-content\/uploads\/2023\/11\/bg-6-1-scaled.jpg"},{"@type":"BreadcrumbList","@id":"https:\/\/www.champagne-vignon.com\/de#breadcrumb","itemListElement":[{"@type":"ListItem","position":1,"name":"Accueil","item":"https:\/\/www.champagne-vignon.com\/de"},{"@type":"ListItem","position":2,"name":"Unabh\u00e4ngiger Winzer in Verzenay"}]},{"@type":"WebSite","@id":"https:\/\/www.champagne-vignon.com\/de#website","url":"https:\/\/www.champagne-vignon.com\/de","name":"Champagne Vignon P\u00e8re &amp; Fils - Grand Cru Verzenay","description":"","publisher":{"@id":"https:\/\/www.champagne-vignon.com\/de#organization"},"potentialAction":[{"@type":"SearchAction","target":{"@type":"EntryPoint","urlTemplate":"https:\/\/www.champagne-vignon.com\/de?s={search_term_string}"},"query-input":{"@type":"PropertyValueSpecification","valueRequired":true,"valueName":"search_term_string"}}],"inLanguage":"de"},{"@type":"Organization","@id":"https:\/\/www.champagne-vignon.com\/de#organization","name":"Champagne Vignon P\u00e8re & Fils","url":"https:\/\/www.champagne-vignon.com\/de","logo":{"@type":"ImageObject","inLanguage":"de","@id":"https:\/\/www.champagne-vignon.com\/de#\/schema\/logo\/image\/","url":"https:\/\/www.champagne-vignon.com\/wp-content\/uploads\/2023\/12\/logo-black.png","contentUrl":"https:\/\/www.champagne-vignon.com\/wp-content\/uploads\/2023\/12\/logo-black.png","width":800,"height":553,"caption":"Champagne Vignon P\u00e8re & Fils"},"image":{"@id":"https:\/\/www.champagne-vignon.com\/de#\/schema\/logo\/image\/"},"sameAs":["https:\/\/www.facebook.com\/champagnevignonlesmarquises\/","https:\/\/www.instagram.com\/champagne_vignon_pere_et_fils_\/"]}]}},"_links":{"self":[{"href":"https:\/\/www.champagne-vignon.com\/de\/wp-json\/wp\/v2\/pages\/559","targetHints":{"allow":["GET"]}}],"collection":[{"href":"https:\/\/www.champagne-vignon.com\/de\/wp-json\/wp\/v2\/pages"}],"about":[{"href":"https:\/\/www.champagne-vignon.com\/de\/wp-json\/wp\/v2\/types\/page"}],"author":[{"embeddable":true,"href":"https:\/\/www.champagne-vignon.com\/de\/wp-json\/wp\/v2\/users\/1"}],"replies":[{"embeddable":true,"href":"https:\/\/www.champagne-vignon.com\/de\/wp-json\/wp\/v2\/comments?post=559"}],"version-history":[{"count":1,"href":"https:\/\/www.champagne-vignon.com\/de\/wp-json\/wp\/v2\/pages\/559\/revisions"}],"predecessor-version":[{"id":560,"href":"https:\/\/www.champagne-vignon.com\/de\/wp-json\/wp\/v2\/pages\/559\/revisions\/560"}],"wp:attachment":[{"href":"https:\/\/www.champagne-vignon.com\/de\/wp-json\/wp\/v2\/media?parent=559"}],"curies":[{"name":"wp","href":"https:\/\/api.w.org\/{rel}","templated":true}]}}